{"id":303,"date":"2015-06-24T17:35:29","date_gmt":"2015-06-24T15:35:29","guid":{"rendered":"http:\/\/zoz.cbk.waw.pl\/?page_id=303&#038;lang=en"},"modified":"2015-09-03T12:03:06","modified_gmt":"2015-09-03T10:03:06","slug":"what-is-copernicus","status":"publish","type":"page","link":"https:\/\/zoz.cbk.waw.pl\/en\/what-is-copernicus\/","title":{"rendered":"What is Copernicus"},"content":{"rendered":"<p>Copernicus to nowa nazwa Programu Obserwacji Ziemi Komisji Europejskiej, dawniej <strong>GMES<\/strong> (<strong>G<\/strong>lobal <strong>M<\/strong>onitoring for\u00a0<strong>E<\/strong>nvironment and\u00a0<strong>S<\/strong>ecurity), oznaczaj\u0105cych Globalny Monitoring \u015arodowiska i\u00a0Bezpiecze\u0144stwa. Jest to\u00a0inicjatywa, podj\u0119ta w\u00a0ko\u0144cu lat\u00a090. przez\u00a0Uni\u0119 Europejsk\u0105, kt\u00f3ra realizowana jest we\u00a0 wsp\u00f3\u0142pracy z\u00a0Europejsk\u0105 Agencj\u0105 Kosmiczn\u0105 (ESA). Inicjatywa ta ma na\u00a0 celu opracowanie metod monitorowania stanu \u015brodowiska z\u00a0pu\u0142apu satelitarnego, lotniczego i\u00a0naziemnego. Dane zgromadzone za\u00a0pomoc\u0105 satelit\u00f3w oraz pomiar\u00f3w naziemnych b\u0119d\u0105 przetwarzane w\u00a0celu \u015bwiadczenia us\u0142ug informacyjnych pozwalaj\u0105cych na\u00a0skuteczniejsze zarz\u0105dzanie \u015brodowiskiem oraz popraw\u0119 bezpiecze\u0144stwa obywateli Unii Europejskiej. Dzi\u0119ki tej inicjatywie przewiduje si\u0119, \u017ce mo\u017cliwe b\u0119dzie szybsze i\u00a0sprawniejsze reagowanie w\u00a0przypadku katastrof naturalnych, efektywniejsze korzystanie z\u00a0zasob\u00f3w naturalnych, lepszy monitoring jako\u015bci i\u00a0czysto\u015bci w\u00f3d, powietrza itd.<\/p>\n<p><img decoding=\"async\" class=\" alignnone\" src=\"http:\/\/zoz.cbk.waw.pl\/images\/stories\/logosy\/copernicus.png\" alt=\"\" height=\"100\" \/><br \/>\n<img decoding=\"async\" class=\" alignnone\" src=\"http:\/\/zoz.cbk.waw.pl\/images\/stories\/logosy\/eucommission.jpg\" alt=\"\" height=\"100\" \/><\/p>\n<p><a href=\"http:\/\/ec.europa.eu\/enterprise\/policies\/space\/copernicus\/index_en.htm\" target=\"_blank\">COPERNICUS w Komisji Europejskiej<\/a><\/p>\n<p>&nbsp;<\/p>\n<p>&nbsp;<\/p>\n<p>&nbsp;<\/p>\n<p>&nbsp;<\/p>\n<p><strong>Copernicus sk\u0142ada si\u0119 z trzech komponent\u00f3w:<\/strong><\/p>\n<p>1. kosmicznego \u2013 infrastruktura kosmiczna pozwalaj\u0105ca na pozyskanie danych z pu\u0142apu satelitarnego<\/p>\n<p>&nbsp;<\/p>\n<p>2. naziemnego \u2013 infrastruktura pomiar\u00f3w naziemnych (urz\u0105dzenia, instrumenty)<\/p>\n<p>&nbsp;<\/p>\n<p>3. us\u0142ugowego \u2013 infrastruktura dostarczania danych (ustanowiona zgodnie z dyrektyw\u0105 INSPIRE)<\/p>\n<p>&nbsp;<\/p>\n<p><strong>W 2008 roku uruchomiono us\u0142ugi fazy przedeksploatacyjnej, k\u0142ad\u0105c podstawy pod przysz\u0142e us\u0142ugi w nast\u0119puj\u0105cych obszarach:<\/strong><\/p>\n<p>&nbsp;<\/p>\n<p>&#8211; us\u0142ugi dotycz\u0105ce obszar\u00f3w morskich<\/p>\n<p>&nbsp;<\/p>\n<p>&#8211; us\u0142ugi dotycz\u0105ce obszar\u00f3w bada\u0144 atmosfery<\/p>\n<p>&nbsp;<\/p>\n<p>&#8211; us\u0142ugi dotycz\u0105ce obszar\u00f3w l\u0105dowych<\/p>\n<p>&nbsp;<\/p>\n<p>&#8211; us\u0142ugi dotycz\u0105ce obszar\u00f3w sytuacji kryzysowych<\/p>\n<p>&nbsp;<\/p>\n<p>&#8211; us\u0142ugi dotycz\u0105ce bezpiecze\u0144stwa.<\/p>\n<p>&nbsp;<\/p>\n<p>Copernicus umo\u017cliwi wykorzystanie synergii z systemami nawigacji satelitarnej GALILEO i EGNOS w celu dostarczenia u\u017cytkownikom zintegrowanych informacji. Us\u0142ugi Programu Copernicus maj\u0105 by\u0107 w pe\u0142ni otwarte i dost\u0119pne, w takim stopniu, w jakim nie jest to sprzeczne z interesami UE i pa\u0144stw cz\u0142onkowskich w zakresie bezpiecze\u0144stwa. G\u0142\u00f3wnym u\u017cytkownikiem us\u0142ug proponowanych przez Copernicus maj\u0105 by\u0107 w\u0142adze publiczne. Wszystko to ma prowadzi\u0107 do wzrostu gospodarczego kraj\u00f3w UE.<\/p>\n<p>&nbsp;<\/p>\n<p>Copernicus jest r\u00f3wnie\u017c europejskim wk\u0142adem w stworzenie Globalnego Systemu Obserwacji Ziemi (GEOSS), kt\u00f3rego realizacja koordynowana jest przez mi\u0119dzynarodow\u0105 Grup\u0119 ds. Obserwacji Ziemi (GEO).<\/p>\n<p>&nbsp;<\/p>\n<hr \/>\n<p>&nbsp;<\/p>\n<p><a target=\"\"><img alt=\"\" width=\"\" \/><\/a>ROZPORZ\u0104DZENIE PARLAMENTU EUROPEJSKIEGO I RADY<br \/>\nw sprawie europejskiego programu obserwacji Ziemi (GMES) i jego pocz\u0105tkowych operacji (lata 2011-2013)<\/p>\n<p>&nbsp;<\/p>\n","protected":false},"excerpt":{"rendered":"<p>Copernicus to nowa nazwa Programu Obserwacji Ziemi Komisji Europejskiej, dawniej GMES (Global Monitoring for\u00a0Environment and\u00a0Security), oznaczaj\u0105cych Globalny Monitoring \u015arodowiska i\u00a0Bezpiecze\u0144stwa. Jest to\u00a0inicjatywa, podj\u0119ta w\u00a0ko\u0144cu lat\u00a090. przez\u00a0Uni\u0119 Europejsk\u0105, kt\u00f3ra realizowana jest we\u00a0 wsp\u00f3\u0142pracy z\u00a0Europejsk\u0105 Agencj\u0105 Kosmiczn\u0105 (ESA). Inicjatywa ta ma na\u00a0 celu opracowanie metod monitorowania stanu \u015brodowiska z\u00a0pu\u0142apu satelitarnego, lotniczego i\u00a0naziemnego. Dane zgromadzone za\u00a0pomoc\u0105 satelit\u00f3w oraz [&hellip;]<\/p>\n","protected":false},"author":1,"featured_media":0,"parent":0,"menu_order":0,"comment_status":"open","ping_status":"open","template":"","meta":{"om_disable_all_campaigns":false,"_mi_skip_tracking":false,"_monsterinsights_sitenote_active":false,"_monsterinsights_sitenote_note":"","_monsterinsights_sitenote_category":0,"_uf_show_specific_survey":0,"_uf_disable_surveys":false,"footnotes":""},"coauthors":[95],"acf":[],"aioseo_notices":[],"_links":{"self":[{"href":"https:\/\/zoz.cbk.waw.pl\/en\/wp-json\/wp\/v2\/pages\/303"}],"collection":[{"href":"https:\/\/zoz.cbk.waw.pl\/en\/wp-json\/wp\/v2\/pages"}],"about":[{"href":"https:\/\/zoz.cbk.waw.pl\/en\/wp-json\/wp\/v2\/types\/page"}],"author":[{"embeddable":true,"href":"https:\/\/zoz.cbk.waw.pl\/en\/wp-json\/wp\/v2\/users\/1"}],"replies":[{"embeddable":true,"href":"https:\/\/zoz.cbk.waw.pl\/en\/wp-json\/wp\/v2\/comments?post=303"}],"version-history":[{"count":3,"href":"https:\/\/zoz.cbk.waw.pl\/en\/wp-json\/wp\/v2\/pages\/303\/revisions"}],"predecessor-version":[{"id":1299,"href":"https:\/\/zoz.cbk.waw.pl\/en\/wp-json\/wp\/v2\/pages\/303\/revisions\/1299"}],"wp:attachment":[{"href":"https:\/\/zoz.cbk.waw.pl\/en\/wp-json\/wp\/v2\/media?parent=303"}],"wp:term":[{"taxonomy":"author","embeddable":true,"href":"https:\/\/zoz.cbk.waw.pl\/en\/wp-json\/wp\/v2\/coauthors?post=303"}],"curies":[{"name":"wp","href":"https:\/\/api.w.org\/{rel}","templated":true}]}}